{"id":362,"date":"2020-12-20T18:45:31","date_gmt":"2020-12-20T17:45:31","guid":{"rendered":"http:\/\/sen-bau.de\/?page_id=362"},"modified":"2021-04-23T17:25:38","modified_gmt":"2021-04-23T15:25:38","slug":"malerarbeiten","status":"publish","type":"page","link":"https:\/\/sen-bau.de\/?page_id=362","title":{"rendered":"Malerarbeiten"},"content":{"rendered":"\t\t<div data-elementor-type=\"wp-page\" data-elementor-id=\"362\" class=\"elementor elementor-362\" data-elementor-settings=\"[]\">\n\t\t\t\t\t\t<div class=\"elementor-inner\">\n\t\t\t\t\t\t\t<div class=\"elementor-section-wrap\">\n\t\t\t\t\t\t\t<section class=\"elementor-section elementor-top-section elementor-element elementor-element-657b9845 elementor-section-boxed elementor-section-height-default elementor-section-height-default\" data-id=\"657b9845\" data-element_type=\"section\">\n\t\t\t\t\t\t<div class=\"elementor-container elementor-column-gap-default\">\n\t\t\t\t\t\t\t<div class=\"elementor-row\">\n\t\t\t\t\t<div class=\"elementor-column elementor-col-100 elementor-top-column elementor-element elementor-element-698fbd03\" data-id=\"698fbd03\" data-element_type=\"column\">\n\t\t\t<div class=\"elementor-column-wrap elementor-element-populated\">\n\t\t\t\t\t\t\t<div class=\"elementor-widget-wrap\">\n\t\t\t\t\t\t<div class=\"elementor-element elementor-element-565318b elementor-widget elementor-widget-text-editor\" data-id=\"565318b\" data-element_type=\"widget\" data-widget_type=\"text-editor.default\">\n\t\t\t\t<div class=\"elementor-widget-container\">\n\t\t\t\t\t\t\t\t<div class=\"elementor-text-editor elementor-clearfix\">\n\t\t\t\t\t<h1>5 Tricks, um Ihr Haus wie ein Profi zu streichen&nbsp;<\/h1>\n<p>Ein Haus zu streichen kann Spa\u00df machen, aber es kann auch eine ziemlich entmutigende Aufgabe sein, es zu erledigen. Hausbesitzer, die ihre eigenen H\u00e4user streichen, suchen st\u00e4ndig nach Tipps und Tricks, um ihre Arbeit zu vereinfachen. Wenn auch Sie vorhaben, den Malerhut aufzusetzen, haben wir einige sehr n\u00fctzliche Tricks f\u00fcr Sie. Verwenden Sie sie, um Ihr Haus wie ein Profi zu streichen!<\/p>\n<div>\n<h2>Gute Farbe kaufen<\/h2>\n<div>Wissen Sie, warum eine professionelle Lackierung so gut aussieht? Es ist einfach die Verwendung von Farben guter Qualit\u00e4t. Wenn Sie Ihr Haus wie ein Profi streichen m\u00f6chten, stellen Sie sicher, dass Sie die besten Materialien erhalten. Ein guter Lack kostet zwar etwas mehr, h\u00e4lt aber l\u00e4nger und sieht auch viel sch\u00f6ner aus als eine billigere Alternative.<\/div>\n<p><\/p>\n<h2>In gute Pinsel investieren<\/h2>\n<div>Dann m\u00fcssen Sie in gute Pinsel investieren. Wenn der Pinsel, den Sie verwenden, von minderer Qualit\u00e4t ist, zeigt er sich auf der Lackierung und raubt Ihrem Haus die Eleganz, die es verdient.<\/div>\n<p><\/p>\n<h2>Keine Notwendigkeit, alte Farbe abzukratzen<\/h2>\n<div>Wenn sich alte Farbe abl\u00f6st, m\u00fcssen Sie diese definitiv abkratzen. Es ist jedoch nicht zwingend erforderlich, dass Sie die gesamte alte Farbe abkratzen. Dies zu tun kann sehr frustrierend werden und viel Zeit und Energie in Anspruch nehmen. Es ist vollkommen in Ordnung, eine weitere Schicht vorhandener Farbe aufzutragen, solange die untere Schicht glatt und fest an der Wand gehalten wird. Dies funktioniert besonders dann gut, wenn Ihre vorherige Farbe ein heller Farbton ist und Sie diesmal etwas Dunkleres auftragen m\u00f6chten.<\/div>\n<p><\/p>\n<h2>Kaufen Sie alle Farben zusammen<\/h2>\n<div>Bevor Sie beginnen, erhalten Sie eine genaue Sch\u00e4tzung, wie viel Farbe Sie f\u00fcr das ganze Haus ben\u00f6tigen w\u00fcrden. Kaufen Sie alle Farben zusammen und mischen Sie sie, wenn Sie m\u00fcssen. Wenn Sie dies in Chargen tun, f\u00e4llt es Ihnen m\u00f6glicherweise schwer, sp\u00e4ter genau die gleichen Farbt\u00f6ne zu finden, wodurch Ihre W\u00e4nde in Bezug auf die Farbe inkonsistent werden. Bei der Einstellung von Malern spielt dieser Aspekt eine entscheidende Rolle, da manchmal die Berechnungen nicht mehr funktionieren und Sie unterschiedliche Farbt\u00f6ne haben. Planen Sie also im Voraus.<\/div>\n<p><\/p>\n<h2>Alles abdecken<\/h2>\n<div>Dies ist ein \u00e4u\u00dferst praktischer Tipp. Sie m\u00fcssen alles abdecken, bevor Sie mit dem Malen beginnen. Von etwas so Gro\u00dfem wie Ihrem Esstisch bis zu etwas so Kleinem wie einer Schalttafel muss alles abgedeckt werden, bevor Sie mit dem Streichen des Hauses beginnen. Wenn Sie etwas unbedeckt lassen, werden Sie h\u00f6chstwahrscheinlich \u00fcberall Farbe bekommen. Dadurch sieht der Ort nicht nur unordentlich aus, es erfordert auch viel Aufwand, ihn zu reinigen.<\/div>\n<p><br><\/p><p>Falls Sie weitere Tipps ben\u00f6tigen oder den Job lieber Experten \u00fcberlassen w\u00fcrden, dann melden Sie sich jederzeit bei uns!<\/p>\n<\/div>\t\t\t\t\t<\/div>\n\t\t\t\t\t\t<\/div>\n\t\t\t\t<\/div>\n\t\t\t\t\t\t<\/div>\n\t\t\t\t\t<\/div>\n\t\t<\/div>\n\t\t\t\t\t\t\t\t<\/div>\n\t\t\t\t\t<\/div>\n\t\t<\/section>\n\t\t\t\t\t\t<\/div>\n\t\t\t\t\t\t<\/div>\n\t\t\t\t\t<\/div>\n\t\t","protected":false},"excerpt":{"rendered":"<p>5 Tricks, um Ihr Haus wie ein Profi zu streichen&nbsp; Ein Haus zu streichen kann Spa\u00df machen, aber es kann auch eine ziemlich entmutigende Aufgabe sein, es zu erledigen. Hausbesitzer, die ihre eigenen H\u00e4user streichen, suchen st\u00e4ndig nach Tipps und Tricks, um ihre Arbeit zu vereinfachen. Wenn auch Sie vorhaben, den Malerhut aufzusetzen, haben wir [&hellip;]<\/p>\n","protected":false},"author":1,"featured_media":0,"parent":0,"menu_order":0,"comment_status":"closed","ping_status":"closed","template":"","meta":[],"_links":{"self":[{"href":"https:\/\/sen-bau.de\/index.php?rest_route=\/wp\/v2\/pages\/362"}],"collection":[{"href":"https:\/\/sen-bau.de\/index.php?rest_route=\/wp\/v2\/pages"}],"about":[{"href":"https:\/\/sen-bau.de\/index.php?rest_route=\/wp\/v2\/types\/page"}],"author":[{"embeddable":true,"href":"https:\/\/sen-bau.de\/index.php?rest_route=\/wp\/v2\/users\/1"}],"replies":[{"embeddable":true,"href":"https:\/\/sen-bau.de\/index.php?rest_route=%2Fwp%2Fv2%2Fcomments&post=362"}],"version-history":[{"count":8,"href":"https:\/\/sen-bau.de\/index.php?rest_route=\/wp\/v2\/pages\/362\/revisions"}],"predecessor-version":[{"id":584,"href":"https:\/\/sen-bau.de\/index.php?rest_route=\/wp\/v2\/pages\/362\/revisions\/584"}],"wp:attachment":[{"href":"https:\/\/sen-bau.de\/index.php?rest_route=%2Fwp%2Fv2%2Fmedia&parent=362"}],"curies":[{"name":"wp","href":"https:\/\/api.w.org\/{rel}","templated":true}]}}