{"id":356,"date":"2020-12-20T18:42:56","date_gmt":"2020-12-20T17:42:56","guid":{"rendered":"http:\/\/sen-bau.de\/?page_id=356"},"modified":"2021-04-23T17:16:02","modified_gmt":"2021-04-23T15:16:02","slug":"waermedaemmung","status":"publish","type":"page","link":"https:\/\/sen-bau.de\/?page_id=356","title":{"rendered":"W\u00e4rmed\u00e4mmung"},"content":{"rendered":"\t\t<div data-elementor-type=\"wp-page\" data-elementor-id=\"356\" class=\"elementor elementor-356\" data-elementor-settings=\"[]\">\n\t\t\t\t\t\t<div class=\"elementor-inner\">\n\t\t\t\t\t\t\t<div class=\"elementor-section-wrap\">\n\t\t\t\t\t\t\t<section class=\"elementor-section elementor-top-section elementor-element elementor-element-657b9845 elementor-section-boxed elementor-section-height-default elementor-section-height-default\" data-id=\"657b9845\" data-element_type=\"section\">\n\t\t\t\t\t\t<div class=\"elementor-container elementor-column-gap-default\">\n\t\t\t\t\t\t\t<div class=\"elementor-row\">\n\t\t\t\t\t<div class=\"elementor-column elementor-col-100 elementor-top-column elementor-element elementor-element-698fbd03\" data-id=\"698fbd03\" data-element_type=\"column\">\n\t\t\t<div class=\"elementor-column-wrap elementor-element-populated\">\n\t\t\t\t\t\t\t<div class=\"elementor-widget-wrap\">\n\t\t\t\t\t\t<div class=\"elementor-element elementor-element-565318b elementor-widget elementor-widget-text-editor\" data-id=\"565318b\" data-element_type=\"widget\" data-widget_type=\"text-editor.default\">\n\t\t\t\t<div class=\"elementor-widget-container\">\n\t\t\t\t\t\t\t\t<div class=\"elementor-text-editor elementor-clearfix\">\n\t\t\t\t\t<h1>Die richtige W\u00e4rmed\u00e4mmung f\u00fcr Fassade und Dach<\/h1>\n<h2>Kein Neubau ohne Isolierung<\/h2>\n<p>Der Gesetzgeber zwingt Hausbesitzer, energieeffizient zu bauen. <br>Die Frage ist nur, wie diese Anforderungen umgesetzt werden sollen, welche Isolierungsmethode und welches Isolationsmaterial verwendet werden soll. Alte Geb\u00e4ude m\u00fcssen m\u00f6glicherweise auch isoliert werden. F\u00fcr Hausbesitzer bedeutet dies, dass sie investieren m\u00fcssen, aber eine gute W\u00e4rmed\u00e4mmung kann ihnen letztendlich viel Geld sparen.<br><span style=\"color: rgb(51, 51, 51); font-size: 20px; font-weight: 600;\"><br>Schlecht isolierte H\u00e4user verbrauchen viel Heizenergie<\/span><br><\/p>\n<h2><font color=\"#929292\"><span style=\"font-size: 14px;\"><span style=\"font-weight: normal;\">Wer sein Haus gut isoliert, kann dagegen Heizkosten sparen und zur Energiewende beitragen. Ein angenehmer Nebeneffekt: Die W\u00e4nde erw\u00e4rmen sich und das Wohnklima verbessert sich.<\/span><br><br><\/span><\/font>Isolierung und Renovierung? Am besten zur gleichen Zeit!<\/h2>\n<p>Die Isolierung des Hauses ist oft eine teure, aber in der Regel sehr effektive Ma\u00dfnahme, um langfristig Energie und W\u00e4rme zu sparen. Es ist auch nicht unbedingt notwendig, das ganze Haus auf einmal mit W\u00e4rmed\u00e4mmung zu umwickeln. Im Gegenteil: Experten empfehlen zu isolieren, wenn Renovierungsma\u00dfnahmen erforderlich sind. Wenn die Fassade beispielsweise einen neuen Anstrich ben\u00f6tigt, k\u00f6nnen Hausbesitzer diese Gelegenheit nutzen.<br><span style=\"color: #333333; font-size: 20px; font-weight: 600;\"><br>D\u00e4mmma\u00dfnahmen m\u00fcssen immer in das Gesamtenergiekonzept integriert werden<\/span><\/p>\n<p>Wenn Sie ein Heizsystem kaufen und es an den Energieverbrauch Ihres nicht isolierten Hauses anpassen m\u00f6chten, ist die Gr\u00f6\u00dfe m\u00f6glicherweise etwas zu gro\u00df. Zumindest bei nachfolgender Isolierung. Dann h\u00e4tten Sie viel Geld verschwendet. Und wenn Sie zuerst die Fenster austauschen und erst Jahre sp\u00e4ter die Fassade isolieren m\u00f6chten, besteht ein erh\u00f6htes Schimmelrisiko. Denn wenn Sie moderne Fenster verwenden, bewegen Sie die k\u00fchleren Teile des Fensters in eine Ecke des Raums, in der die Luftfeuchtigkeit nicht so schnell sp\u00fcrbar ist.<\/p>\n<p>Eine von einem Spezialisten durchgef\u00fchrte Thermografie, d.h. eine Aufzeichnung mit einer W\u00e4rmebildkamera, kann genau zeigen, wo sich die Schwachstellen der vorhandenen Isolierung befinden. Die Fassade ist in verschiedenen Farben in ein Bild eingetaucht, das zeigt, welche Teile der Fassade W\u00e4rme durchlassen und welche bereits gut isoliert sind. W\u00e4rmebr\u00fccken werden sichtbar. In Zusammenarbeit mit einem Energieberater kann dann ein schrittweiser Energieerneuerungsplan erstellt werden.<\/p>\n<p>Kontaktieren Sie uns jetzt und lassen Sie sich von einem Experten beraten.<\/p>\t\t\t\t\t<\/div>\n\t\t\t\t\t\t<\/div>\n\t\t\t\t<\/div>\n\t\t\t\t\t\t<\/div>\n\t\t\t\t\t<\/div>\n\t\t<\/div>\n\t\t\t\t\t\t\t\t<\/div>\n\t\t\t\t\t<\/div>\n\t\t<\/section>\n\t\t\t\t\t\t<\/div>\n\t\t\t\t\t\t<\/div>\n\t\t\t\t\t<\/div>\n\t\t","protected":false},"excerpt":{"rendered":"<p>Die richtige W\u00e4rmed\u00e4mmung f\u00fcr Fassade und Dach Kein Neubau ohne Isolierung Der Gesetzgeber zwingt Hausbesitzer, energieeffizient zu bauen. Die Frage ist nur, wie diese Anforderungen umgesetzt werden sollen, welche Isolierungsmethode und welches Isolationsmaterial verwendet werden soll. Alte Geb\u00e4ude m\u00fcssen m\u00f6glicherweise auch isoliert werden. F\u00fcr Hausbesitzer bedeutet dies, dass sie investieren m\u00fcssen, aber eine gute W\u00e4rmed\u00e4mmung [&hellip;]<\/p>\n","protected":false},"author":1,"featured_media":0,"parent":0,"menu_order":0,"comment_status":"closed","ping_status":"closed","template":"","meta":[],"_links":{"self":[{"href":"https:\/\/sen-bau.de\/index.php?rest_route=\/wp\/v2\/pages\/356"}],"collection":[{"href":"https:\/\/sen-bau.de\/index.php?rest_route=\/wp\/v2\/pages"}],"about":[{"href":"https:\/\/sen-bau.de\/index.php?rest_route=\/wp\/v2\/types\/page"}],"author":[{"embeddable":true,"href":"https:\/\/sen-bau.de\/index.php?rest_route=\/wp\/v2\/users\/1"}],"replies":[{"embeddable":true,"href":"https:\/\/sen-bau.de\/index.php?rest_route=%2Fwp%2Fv2%2Fcomments&post=356"}],"version-history":[{"count":10,"href":"https:\/\/sen-bau.de\/index.php?rest_route=\/wp\/v2\/pages\/356\/revisions"}],"predecessor-version":[{"id":577,"href":"https:\/\/sen-bau.de\/index.php?rest_route=\/wp\/v2\/pages\/356\/revisions\/577"}],"wp:attachment":[{"href":"https:\/\/sen-bau.de\/index.php?rest_route=%2Fwp%2Fv2%2Fmedia&parent=356"}],"curies":[{"name":"wp","href":"https:\/\/api.w.org\/{rel}","templated":true}]}}