{"id":344,"date":"2020-12-20T18:38:48","date_gmt":"2020-12-20T17:38:48","guid":{"rendered":"http:\/\/sen-bau.de\/?page_id=344"},"modified":"2021-04-23T17:09:59","modified_gmt":"2021-04-23T15:09:59","slug":"innenputz","status":"publish","type":"page","link":"https:\/\/sen-bau.de\/?page_id=344","title":{"rendered":"Innenputz"},"content":{"rendered":"\t\t<div data-elementor-type=\"wp-page\" data-elementor-id=\"344\" class=\"elementor elementor-344\" data-elementor-settings=\"[]\">\n\t\t\t\t\t\t<div class=\"elementor-inner\">\n\t\t\t\t\t\t\t<div class=\"elementor-section-wrap\">\n\t\t\t\t\t\t\t<section class=\"elementor-section elementor-top-section elementor-element elementor-element-657b9845 elementor-section-boxed elementor-section-height-default elementor-section-height-default\" data-id=\"657b9845\" data-element_type=\"section\">\n\t\t\t\t\t\t<div class=\"elementor-container elementor-column-gap-default\">\n\t\t\t\t\t\t\t<div class=\"elementor-row\">\n\t\t\t\t\t<div class=\"elementor-column elementor-col-100 elementor-top-column elementor-element elementor-element-698fbd03\" data-id=\"698fbd03\" data-element_type=\"column\">\n\t\t\t<div class=\"elementor-column-wrap elementor-element-populated\">\n\t\t\t\t\t\t\t<div class=\"elementor-widget-wrap\">\n\t\t\t\t\t\t<div class=\"elementor-element elementor-element-565318b elementor-widget elementor-widget-text-editor\" data-id=\"565318b\" data-element_type=\"widget\" data-widget_type=\"text-editor.default\">\n\t\t\t\t<div class=\"elementor-widget-container\">\n\t\t\t\t\t\t\t\t<div class=\"elementor-text-editor elementor-clearfix\">\n\t\t\t\t\t<h1>Innenputz \u2013 Was Sie wissen m\u00fcssen.<\/h1>\n<p>Innenputz wird haupts\u00e4chlich zum Verbergen und Sch\u00fctzen von Strukturelementen verwendet, bietet aber auch eine \u00e4sthetisch ansprechende Innenfl\u00e4che. Gips ist vielseitig und kann in kunstvollen Formen lackiert, poliert oder geformt oder modelliert<br>werden, um eine Vielzahl anderer Materialien wie Holz, Stein und Metall nachzuahmen.<\/p>\n<p><\/p>\n<p><h2>Gips<\/h2>Gips ist die am h\u00e4ufigsten verwendete Putzart in modernen Bauarbeiten und wird auf Innenw\u00e4nde aufgetragen, <br>um eine glatte, flache Oberfl\u00e4che zu erzeugen, die dann gestrichen oder tapeziert werden kann. Oft als modernes<br>Material angesehen, wurde die Verwendung von Gips bereits im alten \u00c4gypten aufgezeichnet. Es wird durch Erhitzen<br>von Gipsgestein oder Alabaster hergestellt, das dann zu einem feinen mehlartigen Pulver gemahlen wird, dem Wasser zugesetzt wird, und es setzt schnell ab, was es ideal zum Gie\u00dfen macht. Beim Abbinden wird es hart und spr\u00f6de, es besteht jedoch die Tendenz, bei Vorhandensein von Feuchtigkeit zusammenzubrechen, was es f\u00fcr Modellier- oder Au\u00dfenarbeiten ungeeignet macht. Wasserabweisende Additive werden manchmal modernen, kommerziell hergestellten Gips- Putz zugesetzt.<\/p>\n<h2>Kalkpflaster<\/h2>\n<p>Kalkputz wird aus einer Mischung von Kalkspachtel \u2013 Calciumhydroxid \u2013 und Wasser hergestellt und ist sehr formbar und setzt sich langsam ab. Dies macht ihn ideal f\u00fcr kunstvolle dekorative Arbeiten und komplizierte Modellierungen. Kalkstein wird bei einer Temperatur von etwa 1.000 \u00b0 C gebrannt, um eine stark \u00e4tzende Substanz zu erzeugen, die als \u201eschneller Kalk\u201c bekannt ist. Sobald<\/p>\n<p>Wasser hinzugef\u00fcgt wurde \u2013 in einem Prozess, der als \u201eL\u00f6schen\u201c bekannt ist \u2013 wird Kalk Kitt erzeugt, der dann allm\u00e4hlich mit Kohlendioxid in der Atmosph\u00e4re reagiert, um zu h\u00e4rten oder \u201ezu karbonisieren\u201c. Einmal ausgeh\u00e4rtet \u2013 ein Prozess, der bis zu zehn Wochen dauern kann \u2013 ist Kalkputz extrem hart und haltbar und h\u00e4lt Hunderte von Jahren. In der Vergangenheit wurden h\u00e4ufig Tierhaare oder Pflanzenfasern verwendet, um das Binden des Putzes zu erleichtern, insbesondere bei Arbeiten mit Holzlattenkonstruktionen. Kalkputz \u201eatmet\u201c und ist wasserunempfindlich. Nach dem Trocknen kann er sowohl f\u00fcr Innen- als auch f\u00fcr Au\u00dfenarbeiten verwendet werden und wird h\u00e4ufig f\u00fcr Konservierungsarbeiten in historischen Geb\u00e4uden empfohlen.<\/p>\n<p>Sein hoher pH-Wert macht es auch zu einem wirksamen Fungizid.<\/p>\n<div>\n<div><p><\/p>\n<h2>Faserpflaster<\/h2>\n<\/div>\n<div>Manchmal als \u201eStick and Rag\u201c oder \u201eStick and Tag\u201c bekannt, wird feuchter Gips auf eine Leinwandunterlage aufgetragen. Faserputz wird f\u00fcr sehr detaillierte Zier \u2013 Arbeiten verwendet und ist leichter und robuster als Vollputz, sodass Formteile vor dem Zusammenbau vor Ort modular vor gegossen werden k\u00f6nnen. Die meisten Theaterdekorationen aus der viktorianischen Zeit und dar\u00fcber hinaus werden aus faserigem Gips sein. Auf diese Weise werden auch moderne Deckenrosen und Zierkonsolen hergestellt.<\/div>\n<div>&nbsp;<\/div>\n<div>Es gibt noch weitere Innenputztypen, welche wir Ihnen bei Interesse gerne n\u00e4her bringen w\u00fcrden und Ihnen bestm\u00f6glich als Berater zur Verf\u00fcgung stehen.<\/div>\n<\/div>\n<div>&nbsp;<\/div>\t\t\t\t\t<\/div>\n\t\t\t\t\t\t<\/div>\n\t\t\t\t<\/div>\n\t\t\t\t\t\t<\/div>\n\t\t\t\t\t<\/div>\n\t\t<\/div>\n\t\t\t\t\t\t\t\t<\/div>\n\t\t\t\t\t<\/div>\n\t\t<\/section>\n\t\t\t\t\t\t<\/div>\n\t\t\t\t\t\t<\/div>\n\t\t\t\t\t<\/div>\n\t\t","protected":false},"excerpt":{"rendered":"<p>Innenputz \u2013 Was Sie wissen m\u00fcssen. Innenputz wird haupts\u00e4chlich zum Verbergen und Sch\u00fctzen von Strukturelementen verwendet, bietet aber auch eine \u00e4sthetisch ansprechende Innenfl\u00e4che. Gips ist vielseitig und kann in kunstvollen Formen lackiert, poliert oder geformt oder modelliertwerden, um eine Vielzahl anderer Materialien wie Holz, Stein und Metall nachzuahmen. Gips Gips ist die am h\u00e4ufigsten verwendete [&hellip;]<\/p>\n","protected":false},"author":1,"featured_media":0,"parent":0,"menu_order":0,"comment_status":"closed","ping_status":"closed","template":"","meta":[],"_links":{"self":[{"href":"https:\/\/sen-bau.de\/index.php?rest_route=\/wp\/v2\/pages\/344"}],"collection":[{"href":"https:\/\/sen-bau.de\/index.php?rest_route=\/wp\/v2\/pages"}],"about":[{"href":"https:\/\/sen-bau.de\/index.php?rest_route=\/wp\/v2\/types\/page"}],"author":[{"embeddable":true,"href":"https:\/\/sen-bau.de\/index.php?rest_route=\/wp\/v2\/users\/1"}],"replies":[{"embeddable":true,"href":"https:\/\/sen-bau.de\/index.php?rest_route=%2Fwp%2Fv2%2Fcomments&post=344"}],"version-history":[{"count":10,"href":"https:\/\/sen-bau.de\/index.php?rest_route=\/wp\/v2\/pages\/344\/revisions"}],"predecessor-version":[{"id":562,"href":"https:\/\/sen-bau.de\/index.php?rest_route=\/wp\/v2\/pages\/344\/revisions\/562"}],"wp:attachment":[{"href":"https:\/\/sen-bau.de\/index.php?rest_route=%2Fwp%2Fv2%2Fmedia&parent=344"}],"curies":[{"name":"wp","href":"https:\/\/api.w.org\/{rel}","templated":true}]}}